{"id":3816,"date":"2017-03-31T13:55:07","date_gmt":"2017-03-31T11:55:07","guid":{"rendered":"http:\/\/dev.wlh.se\/?page_id=3816"},"modified":"2017-04-05T13:02:17","modified_gmt":"2017-04-05T11:02:17","slug":"collaboration","status":"publish","type":"page","link":"http:\/\/wlh.se\/en\/about-wlh\/collaboration\/","title":{"rendered":"Collaboration &#038; network"},"content":{"rendered":"<p>Here are some of WLH&#8217;s collaborations.<\/p>\n<p>WLH has a continuous and close dialogue with the pre-schools and schools mainly through the federations; the waldorf school federation (<a href=\"http:\/\/waldorf.se\/\">Waldorfskolefederationen<\/a>) and the pre-school federation (<a href=\"http:\/\/waldorf.se\/\">Riksf\u00f6reningen waldorff\u00f6rskolornas samr\u00e5d<\/a>).<\/p>\n<p>WLH is responsible for a group of students completing their studies at the seminar in Gothenburg (<a href=\"http:\/\/waldorfseminariet.se\/\">Waldorfseminariet, G\u00f6teborg<\/a>).<\/p>\n<p>The educational programmes at WLH have to take into consideration not only national regulations and legislation, but also waldorf educational requirements and practices. It is of great importance for WLH to collaborate with other waldorf institutions. Some of these are <a href=\"https:\/\/www.steinerhoyskolen.no\/\">Rudolf Steiner University College in Norway<\/a>, <a href=\"http:\/\/snellman-korkeakoulu.fi\/\">Snellman college in Finland<\/a> and <a href=\"http:\/\/www.alanus.edu\/\">Alanus University in Germany.<\/a><\/p>\n<p>WLH is a member of <a href=\"http:\/\/norense.net\/\">NORENSE <\/a>(Nordic Research Network in Steiner Education) and of <a href=\"http:\/\/www.enaste.com\/\">ENASTE<\/a> (European Network in Academic Steiner Teacher Education).<\/p>\n<div id=\"attachment_3695\" style=\"width: 310px\" class=\"wp-caption alignleft\"><img loading=\"lazy\" decoding=\"async\" aria-describedby=\"caption-attachment-3695\" data-sizes=\"auto\" class=\"lazyload size-medium wp-image-3695\" src=\"http:\/\/wlh.se\/wp-content\/uploads\/2017\/03\/2015-05-14-20.54.52-350x263.jpg\" data-src=\"http:\/\/wlh.se\/wp-content\/uploads\/2017\/03\/2015-05-14-20.54.52-300x225.jpg\" alt=\"\" width=\"300\" height=\"225\" data-srcset=\"http:\/\/wlh.se\/wp-content\/uploads\/2017\/03\/2015-05-14-20.54.52-300x225.jpg 300w, http:\/\/wlh.se\/wp-content\/uploads\/2017\/03\/2015-05-14-20.54.52-768x577.jpg 768w, http:\/\/wlh.se\/wp-content\/uploads\/2017\/03\/2015-05-14-20.54.52-1024x769.jpg 1024w, http:\/\/wlh.se\/wp-content\/uploads\/2017\/03\/2015-05-14-20.54.52-350x263.jpg 350w\" sizes=\"auto, (max-width: 300px) 100vw, 300px\" \/><p id=\"caption-attachment-3695\" class=\"wp-caption-text\">Gert Biesta, Caroline Bratt och Ruhi Tyson p\u00e5 ENASTE-konferens i Wien.<\/p><\/div>\n<p>WLH&#8217;s subject teacher programme is accredited through <a href=\"https:\/\/www.crossfieldsinstitute.com\/\">Crossfields Institute<\/a> in England.<\/p>\n<p>WLH is a non-profit, value-based institution and as such a member of <a href=\"http:\/\/www.ideburenskola.se\/\">Id\u00e9burna Skolors Riksf\u00f6rbund<\/a>.<\/p>\n<p>&nbsp;<\/p>\n<p>&nbsp;<\/p>\n<p>&nbsp;<\/p>\n","protected":false},"excerpt":{"rendered":"<p>Here are some of WLH&#8217;s collaborations. WLH has a continuous and close dialogue with the pre-schools and schools mainly through the federations; the waldorf school federation (Waldorfskolefederationen) and the pre-school federation (Riksf\u00f6reningen waldorff\u00f6rskolornas samr\u00e5d). WLH is responsible for a group of students completing their studies at the seminar in Gothenburg (Waldorfseminariet, G\u00f6teborg). The educational programmes [&hellip;]<\/p>\n","protected":false},"author":2,"featured_media":0,"parent":448,"menu_order":16,"comment_status":"closed","ping_status":"closed","template":"","meta":{"_acf_changed":false,"footnotes":""},"class_list":["post-3816","page","type-page","status-publish","hentry"],"acf":[],"_links":{"self":[{"href":"http:\/\/wlh.se\/en\/wp-json\/wp\/v2\/pages\/3816","targetHints":{"allow":["GET"]}}],"collection":[{"href":"http:\/\/wlh.se\/en\/wp-json\/wp\/v2\/pages"}],"about":[{"href":"http:\/\/wlh.se\/en\/wp-json\/wp\/v2\/types\/page"}],"author":[{"embeddable":true,"href":"http:\/\/wlh.se\/en\/wp-json\/wp\/v2\/users\/2"}],"replies":[{"embeddable":true,"href":"http:\/\/wlh.se\/en\/wp-json\/wp\/v2\/comments?post=3816"}],"version-history":[{"count":6,"href":"http:\/\/wlh.se\/en\/wp-json\/wp\/v2\/pages\/3816\/revisions"}],"predecessor-version":[{"id":3978,"href":"http:\/\/wlh.se\/en\/wp-json\/wp\/v2\/pages\/3816\/revisions\/3978"}],"up":[{"embeddable":true,"href":"http:\/\/wlh.se\/en\/wp-json\/wp\/v2\/pages\/448"}],"wp:attachment":[{"href":"http:\/\/wlh.se\/en\/wp-json\/wp\/v2\/media?parent=3816"}],"curies":[{"name":"wp","href":"https:\/\/api.w.org\/{rel}","templated":true}]}}